{"id":121,"date":"2014-12-08T12:13:22","date_gmt":"2014-12-08T11:13:22","guid":{"rendered":"http:\/\/www.kud-belec.hr\/?page_id=121"},"modified":"2026-01-14T22:36:43","modified_gmt":"2026-01-14T21:36:43","slug":"uclanite-se","status":"publish","type":"page","link":"https:\/\/www.kud-belec.hr\/kud_web\/uclanite-se\/","title":{"rendered":"U\u010dlanite se!"},"content":{"rendered":"<p>Pozivamo sve sumje\u0161tane Belca i okolnih naselja koja gravitiraju Belcu (Juran\u0161\u010dina, Gornja Selnica, Donja Selnica, Gornja Batina, Zavr\u0161je bele\u010dko, Repno, Zno\u017e, \u0160\u010drbinec, Petru\u0161evec i Vi\u017eanovec) kao i svih drugih prijateljskih naselja koji vole bele\u010dki kraj da se u\u010dlane u Kulturno umjetni\u010dko dru\u0161tvo Belec.<\/p>\n<p>Ukoliko niste u mogu\u0107nosti aktivno sudjelovati u radu KUD-a, a \u017eeljeli biste biti \u010dlan, mo\u017eete se u\u010dlaniti kao podupiraju\u0107i \u010dlan te tako ujedno pomo\u0107i aktivnim \u010dlanovima u realizaciji planova Dru\u0161tva, radu na o\u010duvanju bele\u010dke kulturne ba\u0161tine te stvaranju kreativne i vesele budu\u0107nosti na\u0161eg kraja i na\u0161e djece.<\/p>\n<p>Za u\u010dlanjenje je dovoljno popuniti i potpisati pristupnicu te uplatiti \u010dlanarinu (mo\u017ee se uplatiti blagajniku ili direktno na \u017eirora\u010dun, IBAN\u00a0<span style=\"color: #000000;\">HR3223600001102419344)<\/span>. Potpisom pristupnice prihva\u0107ate odredbe Statuta KUD-a.<\/p>\n<p><a href=\"https:\/\/www.kud-belec.hr\/kud_web\/wp-content\/uploads\/2026\/01\/Pristupnica-2026.pdf\">Pristupnica 2026<\/a><\/p>\n<p><a href=\"https:\/\/www.kud-belec.hr\/kud_web\/wp-content\/uploads\/2026\/01\/Odluka-o-iznosu-clanarine-u-2026.-godini.pdf\">Odluka-o-iznosu-clanarine-u-2026.-godini<\/a><\/p>\n<p><a href=\"https:\/\/www.kud-belec.hr\/kud_web\/wp-content\/uploads\/2023\/04\/Statut-KUD-a-Belec.pdf\" target=\"_blank\" rel=\"noopener\">Statut KUD-a Belec<\/a><\/p>\n<p><a href=\"https:\/\/www.kud-belec.hr\/kud_web\/wp-content\/uploads\/2014\/05\/A2_poslovnik.pdf\" target=\"_blank\" rel=\"noopener\">Poslovnik KUD-a Belec<\/a><\/p>\n<p><strong>Za na\u0161 Belec i prijatelje se, zdignime rouke i zagrlime se.<\/strong><\/p>\n<p><img loading=\"lazy\" class=\"alignnone size-full wp-image-2107\" src=\"https:\/\/www.kud-belec.hr\/kud_web\/wp-content\/uploads\/2019\/05\/IMG_1322.jpg\" alt=\"\" width=\"4608\" height=\"3456\" srcset=\"https:\/\/www.kud-belec.hr\/kud_web\/wp-content\/uploads\/2019\/05\/IMG_1322.jpg 4608w, https:\/\/www.kud-belec.hr\/kud_web\/wp-content\/uploads\/2019\/05\/IMG_1322-300x225.jpg 300w, https:\/\/www.kud-belec.hr\/kud_web\/wp-content\/uploads\/2019\/05\/IMG_1322-768x576.jpg 768w, https:\/\/www.kud-belec.hr\/kud_web\/wp-content\/uploads\/2019\/05\/IMG_1322-1024x768.jpg 1024w\" sizes=\"(max-width: 4608px) 100vw, 4608px\" \/><\/p>\n","protected":false},"excerpt":{"rendered":"<p>Pozivamo sve sumje\u0161tane Belca i okolnih naselja koja gravitiraju Belcu (Juran\u0161\u010dina, Gornja Selnica, Donja Selnica, Gornja Batina, Zavr\u0161je bele\u010dko, Repno, Zno\u017e, \u0160\u010drbinec, Petru\u0161evec i Vi\u017eanovec) kao i svih drugih prijateljskih naselja koji vole bele\u010dki kraj da se u\u010dlane u Kulturno umjetni\u010dko dru\u0161tvo Belec. Ukoliko niste u mogu\u0107nosti aktivno sudjelovati u radu KUD-a, a \u017eeljeli biste biti \u010dlan, mo\u017eete se u\u010dlaniti kao podupiraju\u0107i \u010dlan te tako ujedno pomo\u0107i aktivnim \u010dlanovima u realizaciji planova Dru\u0161tva, radu na o\u010duvanju bele\u010dke kulturne ba\u0161tine te stvaranju kreativne i vesele budu\u0107nosti na\u0161eg kraja i na\u0161e djece. Za u\u010dlanjenje je dovoljno popuniti i potpisati pristupnicu te uplatiti \u010dlanarinu (mo\u017ee se uplatiti blagajniku ili direktno na \u017eirora\u010dun, IBAN\u00a0HR3223600001102419344). Potpisom pristupnice prihva\u0107ate odredbe Statuta KUD-a. Pristupnica 2026 Odluka-o-iznosu-clanarine-u-2026.-godini Statut KUD-a Belec Poslovnik KUD-a Belec Za na\u0161 Belec i prijatelje se, zdignime rouke i zagrlime se.<\/p>\n","protected":false},"author":1,"featured_media":0,"parent":0,"menu_order":0,"comment_status":"closed","ping_status":"closed","template":"","meta":[],"_links":{"self":[{"href":"https:\/\/www.kud-belec.hr\/kud_web\/wp-json\/wp\/v2\/pages\/121"}],"collection":[{"href":"https:\/\/www.kud-belec.hr\/kud_web\/wp-json\/wp\/v2\/pages"}],"about":[{"href":"https:\/\/www.kud-belec.hr\/kud_web\/wp-json\/wp\/v2\/types\/page"}],"author":[{"embeddable":true,"href":"https:\/\/www.kud-belec.hr\/kud_web\/wp-json\/wp\/v2\/users\/1"}],"replies":[{"embeddable":true,"href":"https:\/\/www.kud-belec.hr\/kud_web\/wp-json\/wp\/v2\/comments?post=121"}],"version-history":[{"count":31,"href":"https:\/\/www.kud-belec.hr\/kud_web\/wp-json\/wp\/v2\/pages\/121\/revisions"}],"predecessor-version":[{"id":3058,"href":"https:\/\/www.kud-belec.hr\/kud_web\/wp-json\/wp\/v2\/pages\/121\/revisions\/3058"}],"wp:attachment":[{"href":"https:\/\/www.kud-belec.hr\/kud_web\/wp-json\/wp\/v2\/media?parent=121"}],"curies":[{"name":"wp","href":"https:\/\/api.w.org\/{rel}","templated":true}]}}