{"id":256,"date":"2014-12-01T16:04:51","date_gmt":"2014-12-01T15:04:51","guid":{"rendered":"http:\/\/www.kud-belec.hr\/?page_id=256"},"modified":"2016-12-28T09:12:39","modified_gmt":"2016-12-28T08:12:39","slug":"mediji-o-nama","status":"publish","type":"page","link":"https:\/\/www.kud-belec.hr\/kud_web\/mediji-o-nama\/","title":{"rendered":"Mediji o nama"},"content":{"rendered":"<p>(31.5.2014.) Radio Zlatar: <a href=\"http:\/\/www.radio-zlatar.hr\/go.php?go=novosti&amp;ID=8421&amp;vrsta=V\">KUD Belec poziva u tambura\u010dku sekciju<\/a><\/p>\n<p>(15.5.2014.) Radio Zlatar:\u00a0<a href=\"http:\/\/www.radio-zlatar.hr\/go.php?go=novosti&amp;ID=8033\">Osnovano Kulturno umjetni\u010dko dru\u0161tvo Belec<\/a><\/p>\n<p>(17.4.2014.) <a href=\"https:\/\/www.kud-belec.hr\/kud_web\/?p=172\">Radio Zlatar &#8211; gostovanje u emisiji o kulturi<\/a><\/p>\n<p>(02.4.2014.) Radio Zlatar: <a href=\"http:\/\/www.radio-zlatar.hr\/go.php?go=novosti&amp;ID=7910\">Osniva\u010dka skup\u0161tina KUD-a Belec<\/a><\/p>\n<p>(18.3.2014.) Radio Zlatar: <a href=\"http:\/\/www.radio-zlatar.hr\/go.php?go=novosti&amp;ID=7760&amp;vrsta=V\">Belec korak bli\u017ee osnivanju KUD-a<\/a><\/p>\n<p>(15.3.2014.) Radio Zlatar:\u00a0<a href=\"http:\/\/www.radio-zlatar.hr\/go.php?go=novosti&amp;ID=7739\">Osnivanje KUD-a u Belcu<\/a><\/p>\n<p>(03.3.2014.) Radio Zlatar: <a href=\"http:\/\/www.radio-zlatar.hr\/go.php?go=novosti&amp;ID=7631&amp;vrsta=V\">U Belcu se osniva kulturno-umjetni\u010dko dru\u0161tvo<\/a><\/p>\n<p>&nbsp;<\/p>\n","protected":false},"excerpt":{"rendered":"<p>(31.5.2014.) Radio Zlatar: KUD Belec poziva u tambura\u010dku sekciju (15.5.2014.) Radio Zlatar:\u00a0Osnovano Kulturno umjetni\u010dko dru\u0161tvo Belec (17.4.2014.) Radio Zlatar &#8211; gostovanje u emisiji o kulturi (02.4.2014.) Radio Zlatar: Osniva\u010dka skup\u0161tina KUD-a Belec (18.3.2014.) Radio Zlatar: Belec korak bli\u017ee osnivanju KUD-a (15.3.2014.) Radio Zlatar:\u00a0Osnivanje KUD-a u Belcu (03.3.2014.) Radio Zlatar: U Belcu se osniva kulturno-umjetni\u010dko dru\u0161tvo &nbsp;<\/p>\n","protected":false},"author":1,"featured_media":0,"parent":0,"menu_order":0,"comment_status":"closed","ping_status":"closed","template":"","meta":[],"_links":{"self":[{"href":"https:\/\/www.kud-belec.hr\/kud_web\/wp-json\/wp\/v2\/pages\/256"}],"collection":[{"href":"https:\/\/www.kud-belec.hr\/kud_web\/wp-json\/wp\/v2\/pages"}],"about":[{"href":"https:\/\/www.kud-belec.hr\/kud_web\/wp-json\/wp\/v2\/types\/page"}],"author":[{"embeddable":true,"href":"https:\/\/www.kud-belec.hr\/kud_web\/wp-json\/wp\/v2\/users\/1"}],"replies":[{"embeddable":true,"href":"https:\/\/www.kud-belec.hr\/kud_web\/wp-json\/wp\/v2\/comments?post=256"}],"version-history":[{"count":6,"href":"https:\/\/www.kud-belec.hr\/kud_web\/wp-json\/wp\/v2\/pages\/256\/revisions"}],"predecessor-version":[{"id":1467,"href":"https:\/\/www.kud-belec.hr\/kud_web\/wp-json\/wp\/v2\/pages\/256\/revisions\/1467"}],"wp:attachment":[{"href":"https:\/\/www.kud-belec.hr\/kud_web\/wp-json\/wp\/v2\/media?parent=256"}],"curies":[{"name":"wp","href":"https:\/\/api.w.org\/{rel}","templated":true}]}}