{"id":3122,"date":"2026-02-25T23:24:20","date_gmt":"2026-02-25T22:24:20","guid":{"rendered":"https:\/\/www.kud-belec.hr\/kud_web\/?page_id=3122"},"modified":"2026-02-25T23:24:20","modified_gmt":"2026-02-25T22:24:20","slug":"popis-proteklih-dogadanja-kud-a-belec","status":"publish","type":"page","link":"https:\/\/www.kud-belec.hr\/kud_web\/popis-proteklih-dogadanja-kud-a-belec\/","title":{"rendered":"Popis proteklih doga\u0111anja KUD-a Belec"},"content":{"rendered":"\n<div class=\"wp-block-columns\">\n<div class=\"wp-block-column\" style=\"flex-basis:100%\">\n<div class=\"wp-container-1 wp-block-group\"><div class=\"wp-block-group__inner-container\"><ul class=\"wp-block-latest-posts__list has-dates wp-block-latest-posts\"><li><a href=\"https:\/\/www.kud-belec.hr\/kud_web\/jos-jedna-zlatna-plaketa-za-kud-belec\/\">Jo\u0161 jedna zlatna plaketa za KUD Belec<\/a><time datetime=\"2026-04-13T22:50:00+02:00\" class=\"wp-block-latest-posts__post-date\">13. travnja 2026<\/time><\/li>\n<li><a href=\"https:\/\/www.kud-belec.hr\/kud_web\/dan-otvorenih-vrata\/\">Dan otvorenih vrata<\/a><time datetime=\"2026-04-10T22:49:00+02:00\" class=\"wp-block-latest-posts__post-date\">10. travnja 2026<\/time><\/li>\n<li><a href=\"https:\/\/www.kud-belec.hr\/kud_web\/uskrsna-procesija\/\">Uskrsna procesija<\/a><time datetime=\"2026-04-06T14:04:00+02:00\" class=\"wp-block-latest-posts__post-date\">6. travnja 2026<\/time><\/li>\n<li><a href=\"https:\/\/www.kud-belec.hr\/kud_web\/dan-otvorenih-vrata-kud-a-belec\/\">Dan otvorenih vrata KUD-a Belec<\/a><time datetime=\"2026-04-05T01:19:58+02:00\" class=\"wp-block-latest-posts__post-date\">5. travnja 2026<\/time><\/li>\n<li><a href=\"https:\/\/www.kud-belec.hr\/kud_web\/nedjelja-cvjetnice\/\">Nedjelja Cvjetnice<\/a><time datetime=\"2026-03-29T22:22:00+02:00\" class=\"wp-block-latest-posts__post-date\">29. o\u017eujka 2026<\/time><\/li>\n<li><a href=\"https:\/\/www.kud-belec.hr\/kud_web\/zlatna-plaketa-za-kud-belec\/\">Zlatna plaketa za KUD Belec<\/a><time datetime=\"2026-03-16T09:47:35+01:00\" class=\"wp-block-latest-posts__post-date\">16. o\u017eujka 2026<\/time><\/li>\n<li><a href=\"https:\/\/www.kud-belec.hr\/kud_web\/stigli-rezultati-djecje-smotre\/\">Stigli rezultati dje\u010dje smotre<\/a><time datetime=\"2026-03-04T23:17:52+01:00\" class=\"wp-block-latest-posts__post-date\">4. o\u017eujka 2026<\/time><\/li>\n<li><a href=\"https:\/\/www.kud-belec.hr\/kud_web\/sudjelovali-smo-na-30-smotri-djecjeg-folklora\/\">Sudjelovali smo na 30. smotri dje\u010djeg folklora<\/a><time datetime=\"2026-03-02T22:16:02+01:00\" class=\"wp-block-latest-posts__post-date\">2. o\u017eujka 2026<\/time><\/li>\n<li><a href=\"https:\/\/www.kud-belec.hr\/kud_web\/odrzana-12-izvjestajna-i-4-izborna-skupstina-kud-a\/\">Odr\u017eana 12. izvje\u0161tajna i 4. izborna skup\u0161tina KUD-a<\/a><time datetime=\"2026-01-14T22:20:00+01:00\" class=\"wp-block-latest-posts__post-date\">14. sije\u010dnja 2026<\/time><\/li>\n<li><a href=\"https:\/\/www.kud-belec.hr\/kud_web\/novogodisnji-koncert-na-tem-mladem-letu-2\/\">Novogodi\u0161nji koncert &#8220;Na tem mladem letu&#8221;<\/a><time datetime=\"2026-01-06T22:44:00+01:00\" class=\"wp-block-latest-posts__post-date\">6. sije\u010dnja 2026<\/time><\/li>\n<li><a href=\"https:\/\/www.kud-belec.hr\/kud_web\/poziv-na-izvjestajno-izbornu-sjednicu-skupstine-kud-a-belec-10-sijecnja-2026\/\">Poziv na izvje\u0161tajno &#8211; izbornu sjednicu Skup\u0161tine KUD-a Belec 10.sije\u010dnja 2026.<\/a><time datetime=\"2026-01-04T18:38:41+01:00\" class=\"wp-block-latest-posts__post-date\">4. sije\u010dnja 2026<\/time><\/li>\n<li><a href=\"https:\/\/www.kud-belec.hr\/kud_web\/adventska-vecer-u-belcu\/\">Adventska ve\u010der u Belcu<\/a><time datetime=\"2025-12-21T15:37:00+01:00\" class=\"wp-block-latest-posts__post-date\">21. prosinca 2025<\/time><\/li>\n<li><a href=\"https:\/\/www.kud-belec.hr\/kud_web\/posjet-centru-za-odgoj-i-obrazovanje-zajezda\/\">Posjet Centru za odgoj i obrazovanje Zajezda<\/a><time datetime=\"2025-12-16T15:34:00+01:00\" class=\"wp-block-latest-posts__post-date\">16. prosinca 2025<\/time><\/li>\n<li><a href=\"https:\/\/www.kud-belec.hr\/kud_web\/clanice-kud-a-belec-na-izboru-za-najbolji-bozicni-kolacic-grada-zlatara-2025\/\">\u010clanice KUD-a Belec na izboru za najbolji bo\u017ei\u0107ni kola\u010di\u0107 Grada Zlatara 2025.<\/a><time datetime=\"2025-12-16T15:31:00+01:00\" class=\"wp-block-latest-posts__post-date\">16. prosinca 2025<\/time><\/li>\n<li><a href=\"https:\/\/www.kud-belec.hr\/kud_web\/sekcija-folklornog-pjevanja-sudjelovala-na-adventskom-susretu-zenskih-vokalnih-sastava-u-mariji-bistrici\/\">Sekcija folklornog pjevanja sudjelovala na Adventskom susretu \u017eenskih vokalnih sastava u Mariji Bistrici<\/a><time datetime=\"2025-12-16T15:24:00+01:00\" class=\"wp-block-latest-posts__post-date\">16. prosinca 2025<\/time><\/li>\n<li><a href=\"https:\/\/www.kud-belec.hr\/kud_web\/veliki-porast-broja-djece-u-kud-u-belec-nasa-buducnost-u-sigurnim-rukama\/\">Veliki porast broja djece u KUD-u Belec \u2013 na\u0161a budu\u0107nost u sigurnim rukama<\/a><time datetime=\"2025-12-12T15:20:00+01:00\" class=\"wp-block-latest-posts__post-date\">12. prosinca 2025<\/time><\/li>\n<li><a href=\"https:\/\/www.kud-belec.hr\/kud_web\/sekcija-folklornog-pjevanja-nastupila-je-na-paljenju-druge-adventske-svijece-u-zlataru\/\">Sekcija folklornog pjevanja nastupila je na paljenju druge adventske svije\u0107e u Zlataru<\/a><time datetime=\"2025-12-11T15:13:00+01:00\" class=\"wp-block-latest-posts__post-date\">11. prosinca 2025<\/time><\/li>\n<li><a href=\"https:\/\/www.kud-belec.hr\/kud_web\/martinje-pri-planinarskoj-kuci-belecgrad\/\">Martinje pri planinarskoj ku\u0107i Belecgrad<\/a><time datetime=\"2025-11-13T15:10:00+01:00\" class=\"wp-block-latest-posts__post-date\">13. studenoga 2025<\/time><\/li>\n<li><a href=\"https:\/\/www.kud-belec.hr\/kud_web\/22-festival-djecjeg-folklora-hrvatske\/\">22. Festival dje\u010djeg folklora Hrvatske<\/a><time datetime=\"2025-10-21T15:00:00+02:00\" class=\"wp-block-latest-posts__post-date\">21. listopada 2025<\/time><\/li>\n<li><a href=\"https:\/\/www.kud-belec.hr\/kud_web\/20-let-kusleca-svecani-koncert-u-konjscini-5-listopada-2025\/\">20 let Ku\u0161leca \u2013 sve\u010dani koncert u Konj\u0161\u010dini, 5. listopada 2025.<\/a><time datetime=\"2025-10-08T14:56:00+02:00\" class=\"wp-block-latest-posts__post-date\">8. listopada 2025<\/time><\/li>\n<li><a href=\"https:\/\/www.kud-belec.hr\/kud_web\/najmladi-clanovi-kud-a-belec-sudjelovali-su-na-pajdaskom-sprehajanju-u-zlataru\/\">Najmla\u0111i \u010dlanovi KUD-a Belec sudjelovali su na Pajda\u0161kom sprehajanju u Zlataru<\/a><time datetime=\"2025-10-01T14:53:00+02:00\" class=\"wp-block-latest-posts__post-date\">1. listopada 2025<\/time><\/li>\n<li><a href=\"https:\/\/www.kud-belec.hr\/kud_web\/vecer-polki-i-valcera-odrzana-21-rujna-2025\/\">Ve\u010der polki i valcera odr\u017eana 21. rujna 2025.<\/a><time datetime=\"2025-09-25T14:49:00+02:00\" class=\"wp-block-latest-posts__post-date\">25. rujna 2025<\/time><\/li>\n<li><a href=\"https:\/\/www.kud-belec.hr\/kud_web\/zapocinjemo-novu-tradiciju-natjecanje-z-babicinoga-vrmara\/\">Zapo\u010dinjemo novu tradiciju &#8211; natjecanje &#8220;Z babi\u010dinoga vrmara&#8221;<\/a><time datetime=\"2025-09-25T14:44:00+02:00\" class=\"wp-block-latest-posts__post-date\">25. rujna 2025<\/time><\/li>\n<li><a href=\"https:\/\/www.kud-belec.hr\/kud_web\/odrzana-viii-noc-pod-lampasima-vecer-folklora-u-belcu\/\">Odr\u017eana VIII. No\u0107 pod lampa\u0161ima \u2013 ve\u010der folklora u Belcu<\/a><time datetime=\"2025-09-25T14:33:00+02:00\" class=\"wp-block-latest-posts__post-date\">25. rujna 2025<\/time><\/li>\n<li><a href=\"https:\/\/www.kud-belec.hr\/kud_web\/clanovi-kud-a-belec-u-narodnim-nosnjama-uvelicali-prostenje-povodom-blagdana-majke-bozje-snjezne\/\">\u010clanovi KUD-a Belec u narodnim no\u0161njama uveli\u010dali pro\u0161tenje povodom blagdana Majke Bo\u017eje Snje\u017ene<\/a><time datetime=\"2025-08-10T14:27:00+02:00\" class=\"wp-block-latest-posts__post-date\">10. kolovoza 2025<\/time><\/li>\n<li><a href=\"https:\/\/www.kud-belec.hr\/kud_web\/madarska-avantura-kud-a-belec\/\">Ma\u0111arska avantura KUD-a Belec<\/a><time datetime=\"2025-07-29T16:09:00+02:00\" class=\"wp-block-latest-posts__post-date\">29. srpnja 2025<\/time><\/li>\n<li><a href=\"https:\/\/www.kud-belec.hr\/kud_web\/folklor-kud-a-belec-ponovo-najbolji-u-zupaniji-u-svojoj-kategoriji\/\">Folklor KUD-a Belec ponovo najbolji u \u017eupaniji u svojoj kategoriji!<\/a><time datetime=\"2025-06-02T11:01:00+02:00\" class=\"wp-block-latest-posts__post-date\">2. lipnja 2025<\/time><\/li>\n<li><a href=\"https:\/\/www.kud-belec.hr\/kud_web\/kud-belec-gostovao-na-virovskoj-prkacijadi\/\">KUD Belec gostovao na Virovskoj prka\u010dijadi<\/a><time datetime=\"2025-05-11T10:30:00+02:00\" class=\"wp-block-latest-posts__post-date\">11. svibnja 2025<\/time><\/li>\n<li><a href=\"https:\/\/www.kud-belec.hr\/kud_web\/tamburasi-kud-a-belec-uvelicali-manifestaciju-babicini-kolaci\/\">Tambura\u0161i KUD-a Belec uveli\u010dali manifestaciju &#8220;Babi\u010dini kola\u010di&#8221;<\/a><time datetime=\"2025-04-27T21:19:00+02:00\" class=\"wp-block-latest-posts__post-date\">27. travnja 2025<\/time><\/li>\n<li><a href=\"https:\/\/www.kud-belec.hr\/kud_web\/tradicionalna-uskrsna-procesija-u-belcu\/\">Tradicionalna uskrsna procesija u Belcu<\/a><time datetime=\"2025-04-21T10:43:00+02:00\" class=\"wp-block-latest-posts__post-date\">21. travnja 2025<\/time><\/li>\n<li><a href=\"https:\/\/www.kud-belec.hr\/kud_web\/odrzana-29-smotra-tamburaskih-orkestara-i-sastava-kzz\/\">Odr\u017eana 29. smotra tambura\u0161kih orkestara i sastava KZ\u017d<\/a><time datetime=\"2025-04-07T07:31:18+02:00\" class=\"wp-block-latest-posts__post-date\">7. travnja 2025<\/time><\/li>\n<li><a href=\"https:\/\/www.kud-belec.hr\/kud_web\/odrzana-29-smotra-djecjeg-folklora-kzz\/\">Odr\u017eana 29. smotra dje\u010djeg folklora KZ\u017d<\/a><time datetime=\"2025-03-24T17:35:04+01:00\" class=\"wp-block-latest-posts__post-date\">24. o\u017eujka 2025<\/time><\/li>\n<li><a href=\"https:\/\/www.kud-belec.hr\/kud_web\/kud-belec-domacin-je-29-smotre-djecjeg-folklora-krapinsko-zagorske-zupanije\/\">KUD Belec doma\u0107in je 29. smotre dje\u010djeg folklora Krapinsko-zagorske \u017eupanije<\/a><time datetime=\"2025-03-18T17:37:00+01:00\" class=\"wp-block-latest-posts__post-date\">18. o\u017eujka 2025<\/time><\/li>\n<li><a href=\"https:\/\/www.kud-belec.hr\/kud_web\/odrzana-radionica-fejst-nasvavanje\/\">Odr\u017eana radionica &#8220;Fejst na\u0161vavanje&#8221;<\/a><time datetime=\"2025-03-17T17:27:00+01:00\" class=\"wp-block-latest-posts__post-date\">17. o\u017eujka 2025<\/time><\/li>\n<li><a href=\"https:\/\/www.kud-belec.hr\/kud_web\/sekcija-folklornog-pjevanja-prvi-put-nastupala-s-novom-voditeljicom\/\">Sekcija folklornog pjevanja prvi put nastupala s novom voditeljicom<\/a><time datetime=\"2025-03-02T18:33:00+01:00\" class=\"wp-block-latest-posts__post-date\">2. o\u017eujka 2025<\/time><\/li>\n<li><a href=\"https:\/\/www.kud-belec.hr\/kud_web\/kud-belec-nastupao-na-svecanom-otvorenju-sokolane-u-zlataru\/\">KUD Belec nastupao na sve\u010danom otvorenju Sokolane u Zlataru<\/a><time datetime=\"2025-03-02T18:04:00+01:00\" class=\"wp-block-latest-posts__post-date\">2. o\u017eujka 2025<\/time><\/li>\n<li><a href=\"https:\/\/www.kud-belec.hr\/kud_web\/odrzana-redovna-izvjestajna-sjednica-skupstine-kud-a-belec\/\">Odr\u017eana redovna izvje\u0161tajna sjednica Skup\u0161tine KUD-a Belec<\/a><time datetime=\"2025-01-25T07:59:30+01:00\" class=\"wp-block-latest-posts__post-date\">25. sije\u010dnja 2025<\/time><\/li>\n<li><a href=\"https:\/\/www.kud-belec.hr\/kud_web\/poziv-za-11-izvjestajnu-sjednicu-skupstine\/\">Poziv za 11. izvje\u0161tajnu sjednicu Skup\u0161tine<\/a><time datetime=\"2025-01-15T21:14:31+01:00\" class=\"wp-block-latest-posts__post-date\">15. sije\u010dnja 2025<\/time><\/li>\n<li><a href=\"https:\/\/www.kud-belec.hr\/kud_web\/novogodisnji-koncert-na-tem-mladem-letu\/\">Novogodi\u0161nji koncert &#8220;Na tem mladem letu&#8221;<\/a><time datetime=\"2025-01-06T21:06:00+01:00\" class=\"wp-block-latest-posts__post-date\">6. sije\u010dnja 2025<\/time><\/li>\n<li><a href=\"https:\/\/www.kud-belec.hr\/kud_web\/jos-jedna-vesela-polnocka-u-belcu\/\">Jo\u0161 jedna vesela polno\u0107ka u Belcu<\/a><time datetime=\"2024-12-25T21:05:00+01:00\" class=\"wp-block-latest-posts__post-date\">25. prosinca 2024<\/time><\/li>\n<li><a href=\"https:\/\/www.kud-belec.hr\/kud_web\/treci-najbolji-kolacic-grada-zlatara-starinska-je-slastica-clanice-kud-a-belec\/\">Tre\u0107i najbolji kola\u010di\u0107 Grada Zlatara starinska je slastica \u010dlanice KUD-a Belec<\/a><time datetime=\"2024-12-23T20:51:00+01:00\" class=\"wp-block-latest-posts__post-date\">23. prosinca 2024<\/time><\/li>\n<li><a href=\"https:\/\/www.kud-belec.hr\/kud_web\/gostovanje-u-macu-i-bjelovaru-istovremeno\/\">Gostovanje u Ma\u010du i Bjelovaru istovremeno!<\/a><time datetime=\"2024-11-26T20:33:00+01:00\" class=\"wp-block-latest-posts__post-date\">26. studenoga 2024<\/time><\/li>\n<li><a href=\"https:\/\/www.kud-belec.hr\/kud_web\/tradicionalan-nastup-na-martinju-pri-belecgradu\/\">Tradicionalan nastup na Martinju pri Belecgradu<\/a><time datetime=\"2024-11-10T23:12:00+01:00\" class=\"wp-block-latest-posts__post-date\">10. studenoga 2024<\/time><\/li>\n<li><a href=\"https:\/\/www.kud-belec.hr\/kud_web\/kud-belec-postavio-izlozbu-narodnih-nosnji-i-drugih-eksponata-u-galeriji-izvorne-umjetnosti-u-zlataru\/\">KUD Belec postavio izlo\u017ebu narodnih no\u0161nji i drugih eksponata u Galeriji izvorne umjetnosti u Zlataru<\/a><time datetime=\"2024-10-19T22:54:00+02:00\" class=\"wp-block-latest-posts__post-date\">19. listopada 2024<\/time><\/li>\n<li><a href=\"https:\/\/www.kud-belec.hr\/kud_web\/imamo-prvake-drzave\/\">Imamo prvake Dr\u017eave!<\/a><time datetime=\"2024-10-12T22:48:00+02:00\" class=\"wp-block-latest-posts__post-date\">12. listopada 2024<\/time><\/li>\n<li><a href=\"https:\/\/www.kud-belec.hr\/kud_web\/2908-2\/\">I ove smo godine bili na Pajda\u0161kom sprehajanju<\/a><time datetime=\"2024-09-29T23:31:00+02:00\" class=\"wp-block-latest-posts__post-date\">29. rujna 2024<\/time><\/li>\n<li><a href=\"https:\/\/www.kud-belec.hr\/kud_web\/nebo-zelja-lampioni-za-buducnost\/\">Nebo \u017eelja &#8211; lampioni za budu\u0107nost<\/a><time datetime=\"2024-09-23T23:18:00+02:00\" class=\"wp-block-latest-posts__post-date\">23. rujna 2024<\/time><\/li>\n<li><a href=\"https:\/\/www.kud-belec.hr\/kud_web\/vecer-polki-i-valcera-jos-jedna-tradicija-na-pomolu\/\">Ve\u010der polki i valcera &#8211; jo\u0161 jedna tradicija na pomolu<\/a><time datetime=\"2024-09-23T23:10:00+02:00\" class=\"wp-block-latest-posts__post-date\">23. rujna 2024<\/time><\/li>\n<li><a href=\"https:\/\/www.kud-belec.hr\/kud_web\/kud-belec-na-vinkovackim-jesenima-2\/\">KUD Belec na Vinkova\u010dkim jesenima<\/a><time datetime=\"2024-09-23T22:57:00+02:00\" class=\"wp-block-latest-posts__post-date\">23. rujna 2024<\/time><\/li>\n<li><a href=\"https:\/\/www.kud-belec.hr\/kud_web\/senjuf-v-belcu-2024\/\">Senjuf v Belcu 2024.<\/a><time datetime=\"2024-09-23T22:48:00+02:00\" class=\"wp-block-latest-posts__post-date\">23. rujna 2024<\/time><\/li>\n<li><a href=\"https:\/\/www.kud-belec.hr\/kud_web\/noc-pod-lampasima-2024-2\/\">No\u0107 pod lampa\u0161ima 2024.<\/a><time datetime=\"2024-09-23T22:46:00+02:00\" class=\"wp-block-latest-posts__post-date\">23. rujna 2024<\/time><\/li>\n<li><a href=\"https:\/\/www.kud-belec.hr\/kud_web\/nastup-na-otvorenju-dana-kajkavske-rijeci-u-zlataru\/\">Nastup na otvorenju Dana kajkavske rije\u010di u Zlataru<\/a><time datetime=\"2024-09-23T22:34:00+02:00\" class=\"wp-block-latest-posts__post-date\">23. rujna 2024<\/time><\/li>\n<li><a href=\"https:\/\/www.kud-belec.hr\/kud_web\/animacije-ucenika-osnovne-skole-belec\/\">Animacije u\u010denika Osnovne \u0161kole Belec<\/a><time datetime=\"2024-09-23T22:29:00+02:00\" class=\"wp-block-latest-posts__post-date\">23. rujna 2024<\/time><\/li>\n<li><a href=\"https:\/\/www.kud-belec.hr\/kud_web\/nikad-vise-aktivnosti-u-kud-u-belec\/\">Kruna proslave 10. ro\u0111endana KUD-a Belec i nikad vi\u0161e aktivnosti u manje dana<\/a><time datetime=\"2024-09-23T20:56:00+02:00\" class=\"wp-block-latest-posts__post-date\">23. rujna 2024<\/time><\/li>\n<li><a href=\"https:\/\/www.kud-belec.hr\/kud_web\/clanovi-djecje-sekcije-posjetili-etno-kucu-u-cerni\/\">\u010clanovi Dje\u010dje sekcije posjetili etno ku\u0107u u Cerni<\/a><time datetime=\"2024-09-22T22:36:00+02:00\" class=\"wp-block-latest-posts__post-date\">22. rujna 2024<\/time><\/li>\n<li><a href=\"https:\/\/www.kud-belec.hr\/kud_web\/dojdite-dojdite-k-nam-na-jos-jedan-tu-v-belcu-sme-doma\/\">Dojdite, dojdite k nam &#8211; na jo\u0161 jedan Tu v Belcu sme doma<\/a><time datetime=\"2024-09-11T21:18:00+02:00\" class=\"wp-block-latest-posts__post-date\">11. rujna 2024<\/time><\/li>\n<li><a href=\"https:\/\/www.kud-belec.hr\/kud_web\/vecer-polki-i-valcera-ili-nebo-zelja-nudimo-ponesto-za-svakoga\/\">Ve\u010der polki i valcera ili Nebo \u017eelja &#8211; nudimo pone\u0161to za svakoga<\/a><time datetime=\"2024-09-10T21:04:00+02:00\" class=\"wp-block-latest-posts__post-date\">10. rujna 2024<\/time><\/li>\n<li><a href=\"https:\/\/www.kud-belec.hr\/kud_web\/noc-pod-lampasima-2024\/\">No\u0107 pod lampa\u0161ima 2024<\/a><time datetime=\"2024-09-09T20:54:00+02:00\" class=\"wp-block-latest-posts__post-date\">9. rujna 2024<\/time><\/li>\n<li><a href=\"https:\/\/www.kud-belec.hr\/kud_web\/kud-belec-putuje-na-vinkovacke-jeseni\/\">KUD Belec putuje na Vinkova\u010dke jeseni<\/a><time datetime=\"2024-09-07T20:49:00+02:00\" class=\"wp-block-latest-posts__post-date\">7. rujna 2024<\/time><\/li>\n<li><a href=\"https:\/\/www.kud-belec.hr\/kud_web\/senjuf-sajam-opg-ova-udruga-zadruga-obrtnika\/\">Senjuf &#8211; sajam OPG-ova, udruga, zadruga, obrtnika<\/a><time datetime=\"2024-09-05T21:27:00+02:00\" class=\"wp-block-latest-posts__post-date\">5. rujna 2024<\/time><\/li>\n<li><a href=\"https:\/\/www.kud-belec.hr\/kud_web\/nasi-tamburasi-svirali-u-konjscini-i-za-predsjednika-milanovica\/\">Na\u0161i tambura\u0161i svirali u Konj\u0161\u010dini i za predsjednika Milanovi\u0107a<\/a><time datetime=\"2024-05-05T08:01:00+02:00\" class=\"wp-block-latest-posts__post-date\">5. svibnja 2024<\/time><\/li>\n<li><a href=\"https:\/\/www.kud-belec.hr\/kud_web\/djecja-sekcija-kao-nagradu-za-uspjehe-od-grada-zlatara-dobila-izlet\/\">Dje\u010dja sekcija kao nagradu za uspjehe od Grada Zlatara dobila izlet<\/a><time datetime=\"2024-04-11T10:50:00+02:00\" class=\"wp-block-latest-posts__post-date\">11. travnja 2024<\/time><\/li>\n<li><a href=\"https:\/\/www.kud-belec.hr\/kud_web\/svecana-sjednica-povodom-10-godina-kud-a-belec\/\">Sve\u010dana sjednica povodom 10 godina KUD-a Belec<\/a><time datetime=\"2024-04-08T10:39:00+02:00\" class=\"wp-block-latest-posts__post-date\">8. travnja 2024<\/time><\/li>\n<li><a href=\"https:\/\/www.kud-belec.hr\/kud_web\/predsjednik-kud-a-belec-sudjelovao-kao-predavac-na-seminaru-centra-za-tradicijsku-kulturnu-bastinu\/\">Predsjednik KUD-a Belec sudjelovao kao predava\u010d na seminaru Centra za tradicijsku kulturnu ba\u0161tinu<\/a><time datetime=\"2024-04-06T19:31:00+02:00\" class=\"wp-block-latest-posts__post-date\">6. travnja 2024<\/time><\/li>\n<li><a href=\"https:\/\/www.kud-belec.hr\/kud_web\/belecka-uskrsna-procesija-2\/\">Bele\u010dka uskrsna procesija<\/a><time datetime=\"2024-04-01T22:21:00+02:00\" class=\"wp-block-latest-posts__post-date\">1. travnja 2024<\/time><\/li>\n<li><a href=\"https:\/\/www.kud-belec.hr\/kud_web\/folklorna-sekcija-kud-a-belec-najbolja-je-u-zupaniji-u-kategoriji-zagorskog-folklora\/\">Folklorna sekcija KUD-a Belec najbolja je u \u017dupaniji u kategoriji zagorskog folklora<\/a><time datetime=\"2024-03-30T21:52:00+01:00\" class=\"wp-block-latest-posts__post-date\">30. o\u017eujka 2024<\/time><\/li>\n<li><a href=\"https:\/\/www.kud-belec.hr\/kud_web\/odrzana-radionica-obicaja-velikog-tjedna\/\">Odr\u017eana radionica obi\u010daja Velikog tjedna<\/a><time datetime=\"2024-03-26T22:20:00+01:00\" class=\"wp-block-latest-posts__post-date\">26. o\u017eujka 2024<\/time><\/li>\n<li><a href=\"https:\/\/www.kud-belec.hr\/kud_web\/nasi-mali-folklorasi-treci-put-za-redom-proglaseni-najboljima-u-zupaniji\/\">Na\u0161i mali folklora\u0161i tre\u0107i put za redom progla\u0161eni najboljima u \u017dupaniji<\/a><time datetime=\"2024-03-09T21:33:00+01:00\" class=\"wp-block-latest-posts__post-date\">9. o\u017eujka 2024<\/time><\/li>\n<li><a href=\"https:\/\/www.kud-belec.hr\/kud_web\/radionica-spremanja-za-nastup-za-clanove-kud-a-belec\/\">Radionica spremanja za nastup za \u010dlanove KUD-a Belec<\/a><time datetime=\"2024-02-25T22:34:00+01:00\" class=\"wp-block-latest-posts__post-date\">25. velja\u010de 2024<\/time><\/li>\n<li><a href=\"https:\/\/www.kud-belec.hr\/kud_web\/radionica-u-centru-za-odgoj-i-obrazovanje-zajezda-i-zavrsnica-projekta-plesem-pjevam-putujem\/\">Radionica u Centru za odgoj i obrazovanje Zajezda i zavr\u0161nica projekta &#8220;Ple\u0161em, pjevam, putujem&#8221;<\/a><time datetime=\"2024-02-05T11:01:00+01:00\" class=\"wp-block-latest-posts__post-date\">5. velja\u010de 2024<\/time><\/li>\n<li><a href=\"https:\/\/www.kud-belec.hr\/kud_web\/mali-folklorasi-i-suradnici-iz-coo-zajezda-posjetili-lado\/\">Mali folklora\u0161i i suradnici iz COO Zajezda posjetili LADO<\/a><time datetime=\"2024-01-29T10:11:00+01:00\" class=\"wp-block-latest-posts__post-date\">29. sije\u010dnja 2024<\/time><\/li>\n<li><a href=\"https:\/\/www.kud-belec.hr\/kud_web\/sudjelovanje-u-emisiji-babicini-recepti\/\">Sudjelovanje u emisiji &#8220;Babi\u010dini recepti&#8221;<\/a><time datetime=\"2024-01-16T13:08:46+01:00\" class=\"wp-block-latest-posts__post-date\">16. sije\u010dnja 2024<\/time><\/li>\n<li><a href=\"https:\/\/www.kud-belec.hr\/kud_web\/odrzana-10-izvjestajna-sjednica-skupstine-kud-a-belec\/\">Odr\u017eana 10. izvje\u0161tajna sjednica Skup\u0161tine KUD-a Belec<\/a><time datetime=\"2024-01-16T12:10:18+01:00\" class=\"wp-block-latest-posts__post-date\">16. sije\u010dnja 2024<\/time><\/li>\n<li><a href=\"https:\/\/www.kud-belec.hr\/kud_web\/8-novogodisnji-koncert-na-tem-mladem-letu-i-ulazak-u-10-godinu-postojanja\/\">8. novogodi\u0161nji koncert &#8220;Na tem mladem letu&#8221; i ulazak u 10. godinu postojanja<\/a><time datetime=\"2024-01-06T23:33:02+01:00\" class=\"wp-block-latest-posts__post-date\">6. sije\u010dnja 2024<\/time><\/li>\n<li><a href=\"https:\/\/www.kud-belec.hr\/kud_web\/bozic-u-kud-u-belec\/\">Bo\u017ei\u0107 u KUD-u Belec<\/a><time datetime=\"2023-12-26T23:10:00+01:00\" class=\"wp-block-latest-posts__post-date\">26. prosinca 2023<\/time><\/li>\n<li><a href=\"https:\/\/www.kud-belec.hr\/kud_web\/najbolje-kolacice-grada-zlatara-pripremile-nase-kud-ovke\/\">Najbolje kola\u010di\u0107e grada Zlatara pripremile na\u0161e KUD-ovke<\/a><time datetime=\"2023-12-23T22:59:00+01:00\" class=\"wp-block-latest-posts__post-date\">23. prosinca 2023<\/time><\/li>\n<li><a href=\"https:\/\/www.kud-belec.hr\/kud_web\/kud-belec-na-proslavi-75-godina-rada-i-postojanja-centra-za-tradicijsku-kulturnu-bastinu-medu-uglednim-drustvom%ef%bf%bc\/\">KUD Belec na proslavi 75 godina rada i postojanja Centra za tradicijsku kulturnu ba\u0161tinu me\u0111u uglednim dru\u0161tvom\ufffc<\/a><time datetime=\"2023-11-27T21:27:08+01:00\" class=\"wp-block-latest-posts__post-date\">27. studenoga 2023<\/time><\/li>\n<li><a href=\"https:\/\/www.kud-belec.hr\/kud_web\/martrinje-pri-belecgradu\/\">Martrinje pri Belecgradu<\/a><time datetime=\"2023-11-07T14:52:00+01:00\" class=\"wp-block-latest-posts__post-date\">7. studenoga 2023<\/time><\/li>\n<li><a href=\"https:\/\/www.kud-belec.hr\/kud_web\/radionica-za-drustvo-nasa-djeca-grada-zlatara\/\">Radionica za Dru\u0161tvo &#8220;Na\u0161a djeca&#8221; grada Zlatara<\/a><time datetime=\"2023-10-24T14:34:00+02:00\" class=\"wp-block-latest-posts__post-date\">24. listopada 2023<\/time><\/li>\n<li><a href=\"https:\/\/www.kud-belec.hr\/kud_web\/kud-belec-na-prvom-inozemnom-gostovanju-u-austriji\/\">KUD Belec na prvom inozemnom gostovanju u Austriji<\/a><time datetime=\"2023-10-10T13:44:31+02:00\" class=\"wp-block-latest-posts__post-date\">10. listopada 2023<\/time><\/li>\n<\/ul><\/div><\/div>\n<\/div>\n<\/div>\n\n\n\n<div class=\"wp-block-columns\">\n<div class=\"wp-block-column\" style=\"flex-basis:100%\">\n<div class=\"wp-container-2 wp-block-group\"><div class=\"wp-block-group__inner-container\"><\/div><\/div>\n<\/div>\n<\/div>\n\n\n\n<p><\/p>\n","protected":false},"excerpt":{"rendered":"","protected":false},"author":1001004,"featured_media":0,"parent":0,"menu_order":0,"comment_status":"closed","ping_status":"closed","template":"","meta":[],"_links":{"self":[{"href":"https:\/\/www.kud-belec.hr\/kud_web\/wp-json\/wp\/v2\/pages\/3122"}],"collection":[{"href":"https:\/\/www.kud-belec.hr\/kud_web\/wp-json\/wp\/v2\/pages"}],"about":[{"href":"https:\/\/www.kud-belec.hr\/kud_web\/wp-json\/wp\/v2\/types\/page"}],"author":[{"embeddable":true,"href":"https:\/\/www.kud-belec.hr\/kud_web\/wp-json\/wp\/v2\/users\/1001004"}],"replies":[{"embeddable":true,"href":"https:\/\/www.kud-belec.hr\/kud_web\/wp-json\/wp\/v2\/comments?post=3122"}],"version-history":[{"count":1,"href":"https:\/\/www.kud-belec.hr\/kud_web\/wp-json\/wp\/v2\/pages\/3122\/revisions"}],"predecessor-version":[{"id":3123,"href":"https:\/\/www.kud-belec.hr\/kud_web\/wp-json\/wp\/v2\/pages\/3122\/revisions\/3123"}],"wp:attachment":[{"href":"https:\/\/www.kud-belec.hr\/kud_web\/wp-json\/wp\/v2\/media?parent=3122"}],"curies":[{"name":"wp","href":"https:\/\/api.w.org\/{rel}","templated":true}]}}