{"id":52,"date":"2014-12-07T19:10:31","date_gmt":"2014-12-07T18:10:31","guid":{"rendered":"http:\/\/gradzlatar.eu\/kud.hr\/?page_id=52"},"modified":"2026-01-15T17:04:26","modified_gmt":"2026-01-15T16:04:26","slug":"kontakt-podaci","status":"publish","type":"page","link":"https:\/\/www.kud-belec.hr\/kud_web\/kontakt-podaci\/","title":{"rendered":"Kontakt podaci"},"content":{"rendered":"<h1>Kulturno umjetni\u010dko dru\u0161tvo Belec<\/h1>\n<p>Belec\u00a06a<\/p>\n<p>HR 49254 Belec<\/p>\n<p>OIB:\u00a015029098023<\/p>\n<p>\u017dirora\u010dun:\u00a0HR3223600001102419344<\/p>\n<h2>Vodstvo udruge<\/h2>\n<p><strong>Jurica Vuki\u0107<\/strong>, predsjednik<\/p>\n<p><strong>Patricija Ku\u0161tek, <\/strong>dopredsjednica<\/p>\n<p><strong>Karla Bingula, <\/strong>tajnica<\/p>\n<p>Svoja pitanja, prijedloge i razmi\u0161ljanja mo\u017eete poslati putem sljede\u0107e kontakt forme. Obavezno ostavite kontak <em>e-mail<\/em> adresu.<\/p>\n<div role=\"form\" class=\"wpcf7\" id=\"wpcf7-f1641-o1\" lang=\"hr\" dir=\"ltr\">\n<div class=\"screen-reader-response\"><p role=\"status\" aria-live=\"polite\" aria-atomic=\"true\"><\/p> <ul><\/ul><\/div>\n<form action=\"\/kud_web\/wp-json\/wp\/v2\/pages\/52#wpcf7-f1641-o1\" method=\"post\" class=\"wpcf7-form init\" novalidate=\"novalidate\" data-status=\"init\">\n<div style=\"display: none;\">\n<input type=\"hidden\" name=\"_wpcf7\" value=\"1641\" \/>\n<input type=\"hidden\" name=\"_wpcf7_version\" value=\"5.5.6\" \/>\n<input type=\"hidden\" name=\"_wpcf7_locale\" value=\"hr\" \/>\n<input type=\"hidden\" name=\"_wpcf7_unit_tag\" value=\"wpcf7-f1641-o1\" \/>\n<input type=\"hidden\" name=\"_wpcf7_container_post\" value=\"0\" \/>\n<input type=\"hidden\" name=\"_wpcf7_posted_data_hash\" value=\"\" \/>\n<\/div>\n<p><label> Va\u0161e ime (obavezno)<br \/>\n    <span class=\"wpcf7-form-control-wrap your-name\"><input type=\"text\" name=\"your-name\" value=\"\" size=\"40\" class=\"wpcf7-form-control wpcf7-text wpcf7-validates-as-required\" aria-required=\"true\" aria-invalid=\"false\" \/><\/span> <\/label><\/p>\n<p><label> Va\u0161a e-po\u0161ta (obavezno)<br \/>\n    <span class=\"wpcf7-form-control-wrap your-email\"><input type=\"email\" name=\"your-email\" value=\"\" size=\"40\" class=\"wpcf7-form-control wpcf7-text wpcf7-email wpcf7-validates-as-required wpcf7-validates-as-email\" aria-required=\"true\" aria-invalid=\"false\" \/><\/span> <\/label><\/p>\n<p><label> Predmet<br \/>\n    <span class=\"wpcf7-form-control-wrap your-subject\"><input type=\"text\" name=\"your-subject\" value=\"\" size=\"40\" class=\"wpcf7-form-control wpcf7-text\" aria-invalid=\"false\" \/><\/span> <\/label><\/p>\n<p><label> Va\u0161a poruka<br \/>\n    <span class=\"wpcf7-form-control-wrap your-message\"><textarea name=\"your-message\" cols=\"40\" rows=\"10\" class=\"wpcf7-form-control wpcf7-textarea\" aria-invalid=\"false\"><\/textarea><\/span> <\/label><\/p>\n<p><input type=\"submit\" value=\"Po\u0161alji\" class=\"wpcf7-form-control has-spinner wpcf7-submit\" \/><\/p>\n<div class=\"wpcf7-response-output\" aria-hidden=\"true\"><\/div><\/form><\/div>\n","protected":false},"excerpt":{"rendered":"<p>Kulturno umjetni\u010dko dru\u0161tvo Belec Belec\u00a06a HR 49254 Belec OIB:\u00a015029098023 \u017dirora\u010dun:\u00a0HR3223600001102419344 Vodstvo udruge Jurica Vuki\u0107, predsjednik Patricija Ku\u0161tek, dopredsjednica Karla Bingula, tajnica Svoja pitanja, prijedloge i razmi\u0161ljanja mo\u017eete poslati putem sljede\u0107e kontakt forme. Obavezno ostavite kontak e-mail adresu.<\/p>\n","protected":false},"author":1,"featured_media":0,"parent":0,"menu_order":0,"comment_status":"closed","ping_status":"closed","template":"","meta":[],"_links":{"self":[{"href":"https:\/\/www.kud-belec.hr\/kud_web\/wp-json\/wp\/v2\/pages\/52"}],"collection":[{"href":"https:\/\/www.kud-belec.hr\/kud_web\/wp-json\/wp\/v2\/pages"}],"about":[{"href":"https:\/\/www.kud-belec.hr\/kud_web\/wp-json\/wp\/v2\/types\/page"}],"author":[{"embeddable":true,"href":"https:\/\/www.kud-belec.hr\/kud_web\/wp-json\/wp\/v2\/users\/1"}],"replies":[{"embeddable":true,"href":"https:\/\/www.kud-belec.hr\/kud_web\/wp-json\/wp\/v2\/comments?post=52"}],"version-history":[{"count":16,"href":"https:\/\/www.kud-belec.hr\/kud_web\/wp-json\/wp\/v2\/pages\/52\/revisions"}],"predecessor-version":[{"id":3060,"href":"https:\/\/www.kud-belec.hr\/kud_web\/wp-json\/wp\/v2\/pages\/52\/revisions\/3060"}],"wp:attachment":[{"href":"https:\/\/www.kud-belec.hr\/kud_web\/wp-json\/wp\/v2\/media?parent=52"}],"curies":[{"name":"wp","href":"https:\/\/api.w.org\/{rel}","templated":true}]}}