{"id":77,"date":"2014-12-08T10:40:32","date_gmt":"2014-12-08T09:40:32","guid":{"rendered":"http:\/\/www.kud-belec.hr\/?page_id=77"},"modified":"2017-04-12T13:14:46","modified_gmt":"2017-04-12T11:14:46","slug":"tu-v-belcu-sme-doma","status":"publish","type":"page","link":"https:\/\/www.kud-belec.hr\/kud_web\/tu-v-belcu-sme-doma\/","title":{"rendered":"Tu v Belcu sme doma"},"content":{"rendered":"<p><iframe loading=\"lazy\" src=\"\/\/www.youtube.com\/embed\/hD3LvofJi7c?autoplay=1\" width=\"853\" height=\"480\" frameborder=\"0\" allowfullscreen=\"allowfullscreen\"><\/iframe><br \/>\nO\u0160 Belec je snimila spot \u0161kole koji je bio jedan od zadataka s kojim je \u0161kola sudjelovala u Etwinning\u00a0projektu &#8220;Creative school newspapers&#8221;.<\/p>\n<p><a href=\"https:\/\/www.kud-belec.hr\/kud_web\/wp-content\/uploads\/2014\/05\/eTwinnngLabel.jpg\"><img loading=\"lazy\" class=\"aligncenter size-full wp-image-84\" src=\"https:\/\/www.kud-belec.hr\/kud_web\/wp-content\/uploads\/2014\/05\/eTwinnngLabel.jpg\" alt=\"\" width=\"1050\" height=\"1196\" srcset=\"https:\/\/www.kud-belec.hr\/kud_web\/wp-content\/uploads\/2014\/05\/eTwinnngLabel.jpg 1050w, https:\/\/www.kud-belec.hr\/kud_web\/wp-content\/uploads\/2014\/05\/eTwinnngLabel-263x300.jpg 263w, https:\/\/www.kud-belec.hr\/kud_web\/wp-content\/uploads\/2014\/05\/eTwinnngLabel-898x1024.jpg 898w\" sizes=\"(max-width: 1050px) 100vw, 1050px\" \/><\/a><\/p>\n","protected":false},"excerpt":{"rendered":"<p>O\u0160 Belec je snimila spot \u0161kole koji je bio jedan od zadataka s kojim je \u0161kola sudjelovala u Etwinning\u00a0projektu &#8220;Creative school newspapers&#8221;.<\/p>\n","protected":false},"author":1,"featured_media":0,"parent":0,"menu_order":0,"comment_status":"closed","ping_status":"closed","template":"","meta":[],"_links":{"self":[{"href":"https:\/\/www.kud-belec.hr\/kud_web\/wp-json\/wp\/v2\/pages\/77"}],"collection":[{"href":"https:\/\/www.kud-belec.hr\/kud_web\/wp-json\/wp\/v2\/pages"}],"about":[{"href":"https:\/\/www.kud-belec.hr\/kud_web\/wp-json\/wp\/v2\/types\/page"}],"author":[{"embeddable":true,"href":"https:\/\/www.kud-belec.hr\/kud_web\/wp-json\/wp\/v2\/users\/1"}],"replies":[{"embeddable":true,"href":"https:\/\/www.kud-belec.hr\/kud_web\/wp-json\/wp\/v2\/comments?post=77"}],"version-history":[{"count":9,"href":"https:\/\/www.kud-belec.hr\/kud_web\/wp-json\/wp\/v2\/pages\/77\/revisions"}],"predecessor-version":[{"id":1607,"href":"https:\/\/www.kud-belec.hr\/kud_web\/wp-json\/wp\/v2\/pages\/77\/revisions\/1607"}],"wp:attachment":[{"href":"https:\/\/www.kud-belec.hr\/kud_web\/wp-json\/wp\/v2\/media?parent=77"}],"curies":[{"name":"wp","href":"https:\/\/api.w.org\/{rel}","templated":true}]}}